{"id":9678,"date":"2025-09-12T19:39:03","date_gmt":"2025-09-12T19:39:03","guid":{"rendered":"https:\/\/thecottonfarms.com\/mecanisme-de-plainte-et-politique-de-reparation\/"},"modified":"2025-11-25T15:02:05","modified_gmt":"2025-11-25T15:02:05","slug":"mecanisme-de-plainte-et-politique-de-reparation","status":"publish","type":"page","link":"https:\/\/thecottonfarms.com\/fr\/mecanisme-de-plainte-et-politique-de-reparation\/","title":{"rendered":"M\u00e9canisme de plainte et politique de r\u00e9paration"},"content":{"rendered":"\t\t<div data-elementor-type=\"wp-page\" data-elementor-id=\"9678\" class=\"elementor elementor-9678 elementor-7704\" data-elementor-post-type=\"page\">\n\t\t\t\t<div class=\"elementor-element elementor-element-f8ba42c e-flex e-con-boxed e-con e-parent\" data-id=\"f8ba42c\" data-element_type=\"container\" data-e-type=\"container\" data-settings=\"{&quot;background_background&quot;:&quot;classic&quot;}\">\n\t\t\t\t\t<div class=\"e-con-inner\">\n\t\t\t\t<div class=\"elementor-element elementor-element-e25b61d elementor-widget elementor-widget-heading\" data-id=\"e25b61d\" data-element_type=\"widget\" data-e-type=\"widget\" data-widget_type=\"heading.default\">\n\t\t\t\t<div class=\"elementor-widget-container\">\n\t\t\t\t\t<h2 class=\"elementor-heading-title elementor-size-default\">M\u00e9canisme de plainte et<br>politique de r\u00e9paration\n<\/h2>\t\t\t\t<\/div>\n\t\t\t\t<\/div>\n\t\t\t\t\t<\/div>\n\t\t\t\t<\/div>\n\t\t<div class=\"elementor-element elementor-element-d73be2e e-flex e-con-boxed e-con e-parent\" data-id=\"d73be2e\" data-element_type=\"container\" data-e-type=\"container\">\n\t\t\t\t\t<div class=\"e-con-inner\">\n\t\t<div class=\"elementor-element elementor-element-72fc70d e-con-full e-flex e-con e-child\" data-id=\"72fc70d\" data-element_type=\"container\" data-e-type=\"container\">\n\t\t<div class=\"elementor-element elementor-element-49a811d e-con-full e-flex e-con e-child\" data-id=\"49a811d\" data-element_type=\"container\" data-e-type=\"container\" data-settings=\"{&quot;sticky&quot;:&quot;top&quot;,&quot;sticky_offset&quot;:34,&quot;sticky_parent&quot;:&quot;yes&quot;,&quot;sticky_on&quot;:[&quot;widescreen&quot;,&quot;desktop&quot;,&quot;laptop&quot;,&quot;tablet&quot;,&quot;mobile&quot;],&quot;sticky_effects_offset&quot;:0,&quot;sticky_anchor_link_offset&quot;:0}\">\n\t\t\t\t<div class=\"elementor-element elementor-element-1b37924 elementor-nav-menu--dropdown-none elementor-widget-laptop__width-initial elementor-nav-menu__align-start elementor-widget elementor-widget-nav-menu\" data-id=\"1b37924\" data-element_type=\"widget\" data-e-type=\"widget\" data-settings=\"{&quot;layout&quot;:&quot;vertical&quot;,&quot;submenu_icon&quot;:{&quot;value&quot;:&quot;&lt;svg aria-hidden=\\&quot;true\\&quot; class=\\&quot;e-font-icon-svg e-fas-caret-down\\&quot; viewBox=\\&quot;0 0 320 512\\&quot; xmlns=\\&quot;http:\\\/\\\/www.w3.org\\\/2000\\\/svg\\&quot;&gt;&lt;path d=\\&quot;M31.3 192h257.3c17.8 0 26.7 21.5 14.1 34.1L174.1 354.8c-7.8 7.8-20.5 7.8-28.3 0L17.2 226.1C4.6 213.5 13.5 192 31.3 192z\\&quot;&gt;&lt;\\\/path&gt;&lt;\\\/svg&gt;&quot;,&quot;library&quot;:&quot;fa-solid&quot;}}\" data-widget_type=\"nav-menu.default\">\n\t\t\t\t<div class=\"elementor-widget-container\">\n\t\t\t\t\t\t\t\t<nav aria-label=\"Menu\" class=\"elementor-nav-menu--main elementor-nav-menu__container elementor-nav-menu--layout-vertical e--pointer-underline e--animation-grow\">\n\t\t\t\t<ul id=\"menu-1-1b37924\" class=\"elementor-nav-menu sm-vertical\"><li class=\"menu-item menu-item-type-custom menu-item-object-custom menu-item-8710\"><a href=\"#Our\" class=\"elementor-item elementor-item-anchor\">Our Commitment<\/a><\/li>\n<li class=\"menu-item menu-item-type-custom menu-item-object-custom menu-item-8711\"><a href=\"#Purpose\" class=\"elementor-item elementor-item-anchor\">Purpose<\/a><\/li>\n<li class=\"menu-item menu-item-type-custom menu-item-object-custom menu-item-8712\"><a href=\"#Who\" class=\"elementor-item elementor-item-anchor\">Who Can File a Grievance<\/a><\/li>\n<li class=\"menu-item menu-item-type-custom menu-item-object-custom menu-item-8713\"><a href=\"#What\" class=\"elementor-item elementor-item-anchor\">What Can Be Reported<\/a><\/li>\n<li class=\"menu-item menu-item-type-custom menu-item-object-custom menu-item-8714\"><a href=\"#Process\" class=\"elementor-item elementor-item-anchor\">Our Grievance Process<\/a><\/li>\n<li class=\"menu-item menu-item-type-custom menu-item-object-custom menu-item-8715\"><a href=\"#No\" class=\"elementor-item elementor-item-anchor\">No Retaliation Policy<\/a><\/li>\n<\/ul>\t\t\t<\/nav>\n\t\t\t\t\t\t<nav class=\"elementor-nav-menu--dropdown elementor-nav-menu__container\" aria-hidden=\"true\">\n\t\t\t\t<ul id=\"menu-2-1b37924\" class=\"elementor-nav-menu sm-vertical\"><li class=\"menu-item menu-item-type-custom menu-item-object-custom menu-item-8710\"><a href=\"#Our\" class=\"elementor-item elementor-item-anchor\" tabindex=\"-1\">Our Commitment<\/a><\/li>\n<li class=\"menu-item menu-item-type-custom menu-item-object-custom menu-item-8711\"><a href=\"#Purpose\" class=\"elementor-item elementor-item-anchor\" tabindex=\"-1\">Purpose<\/a><\/li>\n<li class=\"menu-item menu-item-type-custom menu-item-object-custom menu-item-8712\"><a href=\"#Who\" class=\"elementor-item elementor-item-anchor\" tabindex=\"-1\">Who Can File a Grievance<\/a><\/li>\n<li class=\"menu-item menu-item-type-custom menu-item-object-custom menu-item-8713\"><a href=\"#What\" class=\"elementor-item elementor-item-anchor\" tabindex=\"-1\">What Can Be Reported<\/a><\/li>\n<li class=\"menu-item menu-item-type-custom menu-item-object-custom menu-item-8714\"><a href=\"#Process\" class=\"elementor-item elementor-item-anchor\" tabindex=\"-1\">Our Grievance Process<\/a><\/li>\n<li class=\"menu-item menu-item-type-custom menu-item-object-custom menu-item-8715\"><a href=\"#No\" class=\"elementor-item elementor-item-anchor\" tabindex=\"-1\">No Retaliation Policy<\/a><\/li>\n<\/ul>\t\t\t<\/nav>\n\t\t\t\t\t\t<\/div>\n\t\t\t\t<\/div>\n\t\t\t\t<\/div>\n\t\t\t\t<\/div>\n\t\t<div class=\"elementor-element elementor-element-cded133 e-con-full e-flex e-con e-child\" data-id=\"cded133\" data-element_type=\"container\" data-e-type=\"container\">\n\t\t<div class=\"elementor-element elementor-element-78e0975 e-con-full e-flex e-con e-child\" data-id=\"78e0975\" data-element_type=\"container\" data-e-type=\"container\">\n\t\t\t\t<div class=\"elementor-element elementor-element-bced361 elementor-widget elementor-widget-heading\" data-id=\"bced361\" data-element_type=\"widget\" data-e-type=\"widget\" id=\"Our\" data-widget_type=\"heading.default\">\n\t\t\t\t<div class=\"elementor-widget-container\">\n\t\t\t\t\t<h2 class=\"elementor-heading-title elementor-size-default\">Notre engagement\n<\/h2>\t\t\t\t<\/div>\n\t\t\t\t<\/div>\n\t\t\t\t<div class=\"elementor-element elementor-element-111329a elementor-widget elementor-widget-text-editor\" data-id=\"111329a\" data-element_type=\"widget\" data-e-type=\"widget\" data-widget_type=\"text-editor.default\">\n\t\t\t\t<div class=\"elementor-widget-container\">\n\t\t\t\t\t\t\t\t\t<p>The Cotton Farms s\u2019engage \u00e0 respecter les droits humains et \u00e0 garantir le bien-\u00eatre de toutes les personnes affect\u00e9es par nos activit\u00e9s et notre cha\u00eene d\u2019approvisionnement. Ce m\u00e9canisme de plainte et cette politique de r\u00e9paration \u00e9tablissent un processus clair, accessible et transparent pour signaler, enqu\u00eater et r\u00e9soudre les griefs. <\/p>\t\t\t\t\t\t\t\t<\/div>\n\t\t\t\t<\/div>\n\t\t\t\t<\/div>\n\t\t<div class=\"elementor-element elementor-element-d774fef e-con-full e-flex e-con e-child\" data-id=\"d774fef\" data-element_type=\"container\" data-e-type=\"container\">\n\t\t\t\t<div class=\"elementor-element elementor-element-9db9a0b elementor-widget elementor-widget-heading\" data-id=\"9db9a0b\" data-element_type=\"widget\" data-e-type=\"widget\" id=\"Purpose\" data-widget_type=\"heading.default\">\n\t\t\t\t<div class=\"elementor-widget-container\">\n\t\t\t\t\t<h2 class=\"elementor-heading-title elementor-size-default\">Objectif\n<\/h2>\t\t\t\t<\/div>\n\t\t\t\t<\/div>\n\t\t\t\t<div class=\"elementor-element elementor-element-03d36c9 elementor-widget elementor-widget-text-editor\" data-id=\"03d36c9\" data-element_type=\"widget\" data-e-type=\"widget\" data-widget_type=\"text-editor.default\">\n\t\t\t\t<div class=\"elementor-widget-container\">\n\t\t\t\t\t\t\t\t\t<p>L\u2019objectif de cette politique est de fournir un canal structur\u00e9 et confidentiel permettant \u00e0 nos agriculteurs, travailleurs, membres de la communaut\u00e9 locale et autres parties prenantes de signaler des pr\u00e9occupations ou des impacts potentiels sur les droits humains et l\u2019environnement li\u00e9s \u00e0 nos activit\u00e9s. Nous nous engageons \u00e0 maintenir un environnement sans repr\u00e9sailles et \u00e0 traiter toutes les soumissions avec s\u00e9rieux et respect. <\/p>\t\t\t\t\t\t\t\t<\/div>\n\t\t\t\t<\/div>\n\t\t\t\t<\/div>\n\t\t<div class=\"elementor-element elementor-element-6613e9f e-con-full e-flex e-con e-child\" data-id=\"6613e9f\" data-element_type=\"container\" data-e-type=\"container\">\n\t\t\t\t<div class=\"elementor-element elementor-element-edbe511 elementor-widget elementor-widget-heading\" data-id=\"edbe511\" data-element_type=\"widget\" data-e-type=\"widget\" id=\"Who\" data-widget_type=\"heading.default\">\n\t\t\t\t<div class=\"elementor-widget-container\">\n\t\t\t\t\t<h2 class=\"elementor-heading-title elementor-size-default\">Qui peut d\u00e9poser une plainte\n<\/h2>\t\t\t\t<\/div>\n\t\t\t\t<\/div>\n\t\t\t\t<div class=\"elementor-element elementor-element-9a39b82 elementor-widget elementor-widget-text-editor\" data-id=\"9a39b82\" data-element_type=\"widget\" data-e-type=\"widget\" data-widget_type=\"text-editor.default\">\n\t\t\t\t<div class=\"elementor-widget-container\">\n\t\t\t\t\t\t\t\t\t<p>Toute personne ou groupe de personnes estimant avoir \u00e9t\u00e9 affect\u00e9 n\u00e9gativement par nos activit\u00e9s ou notre cha\u00eene d\u2019approvisionnement peut d\u00e9poser une plainte. Cela inclut, sans s\u2019y limiter, les agriculteurs, les ouvriers agricoles, les membres de la communaut\u00e9 et les fournisseurs. <\/p>\t\t\t\t\t\t\t\t<\/div>\n\t\t\t\t<\/div>\n\t\t\t\t<\/div>\n\t\t<div class=\"elementor-element elementor-element-9a0973d e-con-full e-flex e-con e-child\" data-id=\"9a0973d\" data-element_type=\"container\" data-e-type=\"container\">\n\t\t\t\t<div class=\"elementor-element elementor-element-152a302 elementor-widget elementor-widget-heading\" data-id=\"152a302\" data-element_type=\"widget\" data-e-type=\"widget\" id=\"What\" data-widget_type=\"heading.default\">\n\t\t\t\t<div class=\"elementor-widget-container\">\n\t\t\t\t\t<h2 class=\"elementor-heading-title elementor-size-default\">Ce qui peut \u00eatre signal\u00e9\n<\/h2>\t\t\t\t<\/div>\n\t\t\t\t<\/div>\n\t\t\t\t<div class=\"elementor-element elementor-element-73d541f elementor-widget elementor-widget-text-editor\" data-id=\"73d541f\" data-element_type=\"widget\" data-e-type=\"widget\" data-widget_type=\"text-editor.default\">\n\t\t\t\t<div class=\"elementor-widget-container\">\n\t\t\t\t\t\t\t\t\t<p>Les plaintes peuvent \u00eatre d\u00e9pos\u00e9es pour une vari\u00e9t\u00e9 de probl\u00e8mes, notamment :<\/p><ul><li aria-level=\"1\">Atteintes aux droits humains (par exemple, travail forc\u00e9, travail des enfants, discrimination, conditions de travail dangereuses).<\/li><li aria-level=\"1\">Dommages environnementaux (par exemple, \u00e9coulement de produits chimiques, pollution de l\u2019eau).<\/li><li aria-level=\"1\">Non-respect de nos politiques internes ou des normes GOTS.<\/li><li aria-level=\"1\">Pr\u00e9occupations concernant la conduite ou l\u2019\u00e9thique des affaires.<\/li><\/ul>\t\t\t\t\t\t\t\t<\/div>\n\t\t\t\t<\/div>\n\t\t\t\t<\/div>\n\t\t<div class=\"elementor-element elementor-element-8216e47 e-con-full e-flex e-con e-child\" data-id=\"8216e47\" data-element_type=\"container\" data-e-type=\"container\">\n\t\t\t\t<div class=\"elementor-element elementor-element-ddd1c70 elementor-widget elementor-widget-heading\" data-id=\"ddd1c70\" data-element_type=\"widget\" data-e-type=\"widget\" id=\"Process\" data-widget_type=\"heading.default\">\n\t\t\t\t<div class=\"elementor-widget-container\">\n\t\t\t\t\t<h2 class=\"elementor-heading-title elementor-size-default\">Notre processus de traitement des plaintes\n<\/h2>\t\t\t\t<\/div>\n\t\t\t\t<\/div>\n\t\t\t\t<div class=\"elementor-element elementor-element-04b1fcb elementor-widget elementor-widget-text-editor\" data-id=\"04b1fcb\" data-element_type=\"widget\" data-e-type=\"widget\" data-widget_type=\"text-editor.default\">\n\t\t\t\t<div class=\"elementor-widget-container\">\n\t\t\t\t\t\t\t\t\t<p>Notre processus est con\u00e7u pour \u00eatre \u00e9quitable, confidentiel et efficace.<\/p>\t\t\t\t\t\t\t\t<\/div>\n\t\t\t\t<\/div>\n\t\t\t\t<div class=\"elementor-element elementor-element-929672d elementor-widget elementor-widget-heading\" data-id=\"929672d\" data-element_type=\"widget\" data-e-type=\"widget\" data-widget_type=\"heading.default\">\n\t\t\t\t<div class=\"elementor-widget-container\">\n\t\t\t\t\t<h2 class=\"elementor-heading-title elementor-size-default\">1. Soumission\n<\/h2>\t\t\t\t<\/div>\n\t\t\t\t<\/div>\n\t\t\t\t<div class=\"elementor-element elementor-element-171a238 elementor-widget elementor-widget-text-editor\" data-id=\"171a238\" data-element_type=\"widget\" data-e-type=\"widget\" data-widget_type=\"text-editor.default\">\n\t\t\t\t<div class=\"elementor-widget-container\">\n\t\t\t\t\t\t\t\t\t<p>Les plaintes peuvent \u00eatre soumises par les canaux suivants :<\/p><ul><li aria-level=\"1\"><b>Portail en ligne <\/b>: un formulaire en ligne s\u00e9curis\u00e9 et d\u00e9di\u00e9 sur notre site web.<\/li><li aria-level=\"1\"><b>Email <\/b>: une adresse email confidentielle surveill\u00e9e par notre \u00e9quipe conformit\u00e9.<\/li><li aria-level=\"1\"><b>Telephone Hotline:<\/b> A dedicated hotline number for verbal reports.<\/li><li aria-level=\"1\"><b>En personne <\/b>: communication directe avec un repr\u00e9sentant d\u00e9sign\u00e9 lors de nos visites r\u00e9guli\u00e8res \u00e0 la ferme.<\/li><\/ul><p>Toutes les plaintes peuvent \u00eatre soumises de mani\u00e8re anonyme si le plaignant le souhaite.<\/p>\t\t\t\t\t\t\t\t<\/div>\n\t\t\t\t<\/div>\n\t\t\t\t<div class=\"elementor-element elementor-element-690b01b elementor-widget elementor-widget-heading\" data-id=\"690b01b\" data-element_type=\"widget\" data-e-type=\"widget\" data-widget_type=\"heading.default\">\n\t\t\t\t<div class=\"elementor-widget-container\">\n\t\t\t\t\t<h2 class=\"elementor-heading-title elementor-size-default\">2. Accus\u00e9 de r\u00e9ception et \u00e9valuation\n<\/h2>\t\t\t\t<\/div>\n\t\t\t\t<\/div>\n\t\t\t\t<div class=\"elementor-element elementor-element-08f3cbc elementor-widget elementor-widget-text-editor\" data-id=\"08f3cbc\" data-element_type=\"widget\" data-e-type=\"widget\" data-widget_type=\"text-editor.default\">\n\t\t\t\t<div class=\"elementor-widget-container\">\n\t\t\t\t\t\t\t\t\t<p>D\u00e8s r\u00e9ception, nous accuserons r\u00e9ception de la r\u00e9clamation sous 48 heures. Notre \u00e9quipe de conformit\u00e9 effectuera ensuite une \u00e9valuation initiale pour d\u00e9terminer la nature et la gravit\u00e9 du probl\u00e8me ainsi que les prochaines \u00e9tapes appropri\u00e9es. <\/p>\t\t\t\t\t\t\t\t<\/div>\n\t\t\t\t<\/div>\n\t\t\t\t<div class=\"elementor-element elementor-element-9fafab4 elementor-widget elementor-widget-heading\" data-id=\"9fafab4\" data-element_type=\"widget\" data-e-type=\"widget\" data-widget_type=\"heading.default\">\n\t\t\t\t<div class=\"elementor-widget-container\">\n\t\t\t\t\t<h2 class=\"elementor-heading-title elementor-size-default\">3. Enqu\u00eate<\/h2>\t\t\t\t<\/div>\n\t\t\t\t<\/div>\n\t\t\t\t<div class=\"elementor-element elementor-element-2c070fe elementor-widget elementor-widget-text-editor\" data-id=\"2c070fe\" data-element_type=\"widget\" data-e-type=\"widget\" data-widget_type=\"text-editor.default\">\n\t\t\t\t<div class=\"elementor-widget-container\">\n\t\t\t\t\t\t\t\t\t<p>Une enqu\u00eate juste et impartiale sera men\u00e9e afin de recueillir les faits et de v\u00e9rifier les all\u00e9gations. Nous pourrons faire appel \u00e0 des auditeurs externes pour soutenir l\u2019enqu\u00eate, notamment pour les questions sensibles. <\/p>\t\t\t\t\t\t\t\t<\/div>\n\t\t\t\t<\/div>\n\t\t\t\t<div class=\"elementor-element elementor-element-09a21c7 elementor-widget elementor-widget-heading\" data-id=\"09a21c7\" data-element_type=\"widget\" data-e-type=\"widget\" data-widget_type=\"heading.default\">\n\t\t\t\t<div class=\"elementor-widget-container\">\n\t\t\t\t\t<h2 class=\"elementor-heading-title elementor-size-default\">4. Mesures correctives<\/h2>\t\t\t\t<\/div>\n\t\t\t\t<\/div>\n\t\t\t\t<div class=\"elementor-element elementor-element-5330a40 elementor-widget elementor-widget-text-editor\" data-id=\"5330a40\" data-element_type=\"widget\" data-e-type=\"widget\" data-widget_type=\"text-editor.default\">\n\t\t\t\t<div class=\"elementor-widget-container\">\n\t\t\t\t\t\t\t\t\t<p>Si une r\u00e9clamation valide est confirm\u00e9e, nous nous engageons \u00e0 fournir une solution efficace et rapide. Les mesures correctives peuvent inclure : <\/p><ul><li aria-level=\"1\">Une action corrective pour mettre fin \u00e0 l\u2019impact n\u00e9gatif.<\/li><li aria-level=\"1\">Une compensation ou une restitution pour le pr\u00e9judice caus\u00e9.<\/li><li aria-level=\"1\">Des modifications de politique ou de proc\u00e9dure pour pr\u00e9venir toute r\u00e9currence.<\/li><li aria-level=\"1\">Collaboration avec les parties concern\u00e9es pour trouver une solution mutuellement acceptable.<\/li><\/ul>\t\t\t\t\t\t\t\t<\/div>\n\t\t\t\t<\/div>\n\t\t\t\t<div class=\"elementor-element elementor-element-6362879 elementor-widget elementor-widget-heading\" data-id=\"6362879\" data-element_type=\"widget\" data-e-type=\"widget\" data-widget_type=\"heading.default\">\n\t\t\t\t<div class=\"elementor-widget-container\">\n\t\t\t\t\t<h2 class=\"elementor-heading-title elementor-size-default\">5. R\u00e9solution et communication\n<\/h2>\t\t\t\t<\/div>\n\t\t\t\t<\/div>\n\t\t\t\t<div class=\"elementor-element elementor-element-fc8a4af elementor-widget elementor-widget-text-editor\" data-id=\"fc8a4af\" data-element_type=\"widget\" data-e-type=\"widget\" data-widget_type=\"text-editor.default\">\n\t\t\t\t<div class=\"elementor-widget-container\">\n\t\t\t\t\t\t\t\t\tUne fois le probl\u00e8me r\u00e9solu, nous communiquerons le r\u00e9sultat \u00e0 la personne ayant d\u00e9pos\u00e9 la r\u00e9clamation (sauf si elle a \u00e9t\u00e9 d\u00e9pos\u00e9e anonymement) et rendrons compte des mesures prises. Nous documenterons le processus et les conclusions afin de garantir la transparence et un apprentissage continu. \n\n\t\t\t\t\t\t\t\t<\/div>\n\t\t\t\t<\/div>\n\t\t\t\t<\/div>\n\t\t<div class=\"elementor-element elementor-element-728c1d7 e-con-full e-flex e-con e-child\" data-id=\"728c1d7\" data-element_type=\"container\" data-e-type=\"container\">\n\t\t\t\t<div class=\"elementor-element elementor-element-cb25a14 elementor-widget elementor-widget-heading\" data-id=\"cb25a14\" data-element_type=\"widget\" data-e-type=\"widget\" id=\"No\" data-widget_type=\"heading.default\">\n\t\t\t\t<div class=\"elementor-widget-container\">\n\t\t\t\t\t<h2 class=\"elementor-heading-title elementor-size-default\">Politique de non-repr\u00e9sailles\n<\/h2>\t\t\t\t<\/div>\n\t\t\t\t<\/div>\n\t\t\t\t<div class=\"elementor-element elementor-element-158be35 elementor-widget elementor-widget-text-editor\" data-id=\"158be35\" data-element_type=\"widget\" data-e-type=\"widget\" data-widget_type=\"text-editor.default\">\n\t\t\t\t<div class=\"elementor-widget-container\">\n\t\t\t\t\t\t\t\t\t<p>Nous garantissons qu\u2019aucune personne soumettant une r\u00e9clamation de bonne foi ne fera l\u2019objet de repr\u00e9sailles, de discrimination ou de cons\u00e9quences n\u00e9gatives. Les repr\u00e9sailles constituent une violation de cette politique et entra\u00eeneront des mesures disciplinaires. <\/p>\t\t\t\t\t\t\t\t<\/div>\n\t\t\t\t<\/div>\n\t\t\t\t<\/div>\n\t\t\t\t<\/div>\n\t\t\t\t\t<\/div>\n\t\t\t\t<\/div>\n\t\t\t\t<\/div>\n\t\t","protected":false},"excerpt":{"rendered":"<p>M\u00e9canisme de plainte etpolitique de r\u00e9paration Notre engagement The Cotton Farms s\u2019engage \u00e0 respecter les droits humains et \u00e0 garantir le bien-\u00eatre de toutes les personnes affect\u00e9es par nos activit\u00e9s et notre cha\u00eene d\u2019approvisionnement. Ce m\u00e9canisme de plainte et cette politique de r\u00e9paration \u00e9tablissent un processus clair, accessible et transparent pour signaler, enqu\u00eater et r\u00e9soudre [&hellip;]<\/p>\n","protected":false},"author":1,"featured_media":0,"parent":0,"menu_order":0,"comment_status":"closed","ping_status":"closed","template":"elementor_header_footer","meta":{"footnotes":""},"class_list":["post-9678","page","type-page","status-publish","hentry"],"_links":{"self":[{"href":"https:\/\/thecottonfarms.com\/fr\/wp-json\/wp\/v2\/pages\/9678","targetHints":{"allow":["GET"]}}],"collection":[{"href":"https:\/\/thecottonfarms.com\/fr\/wp-json\/wp\/v2\/pages"}],"about":[{"href":"https:\/\/thecottonfarms.com\/fr\/wp-json\/wp\/v2\/types\/page"}],"author":[{"embeddable":true,"href":"https:\/\/thecottonfarms.com\/fr\/wp-json\/wp\/v2\/users\/1"}],"replies":[{"embeddable":true,"href":"https:\/\/thecottonfarms.com\/fr\/wp-json\/wp\/v2\/comments?post=9678"}],"version-history":[{"count":1,"href":"https:\/\/thecottonfarms.com\/fr\/wp-json\/wp\/v2\/pages\/9678\/revisions"}],"predecessor-version":[{"id":9679,"href":"https:\/\/thecottonfarms.com\/fr\/wp-json\/wp\/v2\/pages\/9678\/revisions\/9679"}],"wp:attachment":[{"href":"https:\/\/thecottonfarms.com\/fr\/wp-json\/wp\/v2\/media?parent=9678"}],"curies":[{"name":"wp","href":"https:\/\/api.w.org\/{rel}","templated":true}]}}