{"id":9728,"date":"2025-09-06T18:42:10","date_gmt":"2025-09-06T18:42:10","guid":{"rendered":"https:\/\/thecottonfarms.com\/politique-de-confidentialite\/"},"modified":"2025-11-25T16:38:43","modified_gmt":"2025-11-25T16:38:43","slug":"politique-de-confidentialite","status":"publish","type":"page","link":"https:\/\/thecottonfarms.com\/fr\/politique-de-confidentialite\/","title":{"rendered":"Politique de confidentialit\u00e9"},"content":{"rendered":"\t\t<div data-elementor-type=\"wp-page\" data-elementor-id=\"9728\" class=\"elementor elementor-9728 elementor-6693\" data-elementor-post-type=\"page\">\n\t\t\t\t<div class=\"elementor-element elementor-element-8390e2b e-flex e-con-boxed e-con e-parent\" data-id=\"8390e2b\" data-element_type=\"container\" data-e-type=\"container\" data-settings=\"{&quot;background_background&quot;:&quot;classic&quot;}\">\n\t\t\t\t\t<div class=\"e-con-inner\">\n\t\t\t\t<div class=\"elementor-element elementor-element-f8f6cb1 elementor-widget elementor-widget-heading\" data-id=\"f8f6cb1\" data-element_type=\"widget\" data-e-type=\"widget\" data-widget_type=\"heading.default\">\n\t\t\t\t<div class=\"elementor-widget-container\">\n\t\t\t\t\t<h2 class=\"elementor-heading-title elementor-size-default\">Politique de confidentialit\u00e9<\/h2>\t\t\t\t<\/div>\n\t\t\t\t<\/div>\n\t\t\t\t<div class=\"elementor-element elementor-element-08a13b4 elementor-widget elementor-widget-text-editor\" data-id=\"08a13b4\" data-element_type=\"widget\" data-e-type=\"widget\" data-widget_type=\"text-editor.default\">\n\t\t\t\t<div class=\"elementor-widget-container\">\n\t\t\t\t\t\t\t\t\t<p>Chez The Cotton Farms, prot\u00e9ger votre vie priv\u00e9e va au-del\u00e0 d\u2019une simple politique\u202f: c\u2019est un principe fondamental de confiance par la transparence. Nous valorisons votre droit \u00e0 la confidentialit\u00e9 et assumons la responsabilit\u00e9 de traiter vos donn\u00e9es avec le plus grand soin et int\u00e9grit\u00e9. <\/p>\t\t\t\t\t\t\t\t<\/div>\n\t\t\t\t<\/div>\n\t\t\t\t\t<\/div>\n\t\t\t\t<\/div>\n\t\t<div class=\"elementor-element elementor-element-05a231f e-flex e-con-boxed e-con e-parent\" data-id=\"05a231f\" data-element_type=\"container\" data-e-type=\"container\">\n\t\t\t\t\t<div class=\"e-con-inner\">\n\t\t<div class=\"elementor-element elementor-element-ea2a8a1 e-con-full e-flex e-con e-child\" data-id=\"ea2a8a1\" data-element_type=\"container\" data-e-type=\"container\">\n\t\t<div class=\"elementor-element elementor-element-d0cc528 e-con-full e-flex e-con e-child\" data-id=\"d0cc528\" data-element_type=\"container\" data-e-type=\"container\" data-settings=\"{&quot;sticky&quot;:&quot;top&quot;,&quot;sticky_offset&quot;:34,&quot;sticky_parent&quot;:&quot;yes&quot;,&quot;sticky_on&quot;:[&quot;widescreen&quot;,&quot;desktop&quot;,&quot;laptop&quot;,&quot;tablet&quot;,&quot;mobile&quot;],&quot;sticky_effects_offset&quot;:0,&quot;sticky_anchor_link_offset&quot;:0}\">\n\t\t\t\t<div class=\"elementor-element elementor-element-782a5ff elementor-nav-menu--dropdown-none elementor-widget-laptop__width-initial elementor-nav-menu__align-start elementor-widget elementor-widget-nav-menu\" data-id=\"782a5ff\" data-element_type=\"widget\" data-e-type=\"widget\" data-settings=\"{&quot;layout&quot;:&quot;vertical&quot;,&quot;submenu_icon&quot;:{&quot;value&quot;:&quot;&lt;svg aria-hidden=\\&quot;true\\&quot; class=\\&quot;e-font-icon-svg e-fas-caret-down\\&quot; viewBox=\\&quot;0 0 320 512\\&quot; xmlns=\\&quot;http:\\\/\\\/www.w3.org\\\/2000\\\/svg\\&quot;&gt;&lt;path d=\\&quot;M31.3 192h257.3c17.8 0 26.7 21.5 14.1 34.1L174.1 354.8c-7.8 7.8-20.5 7.8-28.3 0L17.2 226.1C4.6 213.5 13.5 192 31.3 192z\\&quot;&gt;&lt;\\\/path&gt;&lt;\\\/svg&gt;&quot;,&quot;library&quot;:&quot;fa-solid&quot;}}\" data-widget_type=\"nav-menu.default\">\n\t\t\t\t<div class=\"elementor-widget-container\">\n\t\t\t\t\t\t\t\t<nav aria-label=\"Menu\" class=\"elementor-nav-menu--main elementor-nav-menu__container elementor-nav-menu--layout-vertical e--pointer-underline e--animation-grow\">\n\t\t\t\t<ul id=\"menu-1-782a5ff\" class=\"elementor-nav-menu sm-vertical\"><li class=\"menu-item menu-item-type-custom menu-item-object-custom menu-item-7936\"><a href=\"#Information\" class=\"elementor-item elementor-item-anchor\">Information We Collect<\/a><\/li>\n<li class=\"menu-item menu-item-type-custom menu-item-object-custom menu-item-7937\"><a href=\"#How\" class=\"elementor-item elementor-item-anchor\">How We Use Your Information<\/a><\/li>\n<li class=\"menu-item menu-item-type-custom menu-item-object-custom menu-item-7938\"><a href=\"#Data\" class=\"elementor-item elementor-item-anchor\">Data Protection &#038; Security<\/a><\/li>\n<li class=\"menu-item menu-item-type-custom menu-item-object-custom menu-item-7939\"><a href=\"#Cookies\" class=\"elementor-item elementor-item-anchor\">Cookies<\/a><\/li>\n<li class=\"menu-item menu-item-type-custom menu-item-object-custom menu-item-7940\"><a href=\"#Your\" class=\"elementor-item elementor-item-anchor\">Your Rights<\/a><\/li>\n<li class=\"menu-item menu-item-type-custom menu-item-object-custom menu-item-7941\"><a href=\"#Updates\" class=\"elementor-item elementor-item-anchor\">Updates to This Policy<\/a><\/li>\n<\/ul>\t\t\t<\/nav>\n\t\t\t\t\t\t<nav class=\"elementor-nav-menu--dropdown elementor-nav-menu__container\" aria-hidden=\"true\">\n\t\t\t\t<ul id=\"menu-2-782a5ff\" class=\"elementor-nav-menu sm-vertical\"><li class=\"menu-item menu-item-type-custom menu-item-object-custom menu-item-7936\"><a href=\"#Information\" class=\"elementor-item elementor-item-anchor\" tabindex=\"-1\">Information We Collect<\/a><\/li>\n<li class=\"menu-item menu-item-type-custom menu-item-object-custom menu-item-7937\"><a href=\"#How\" class=\"elementor-item elementor-item-anchor\" tabindex=\"-1\">How We Use Your Information<\/a><\/li>\n<li class=\"menu-item menu-item-type-custom menu-item-object-custom menu-item-7938\"><a href=\"#Data\" class=\"elementor-item elementor-item-anchor\" tabindex=\"-1\">Data Protection &#038; Security<\/a><\/li>\n<li class=\"menu-item menu-item-type-custom menu-item-object-custom menu-item-7939\"><a href=\"#Cookies\" class=\"elementor-item elementor-item-anchor\" tabindex=\"-1\">Cookies<\/a><\/li>\n<li class=\"menu-item menu-item-type-custom menu-item-object-custom menu-item-7940\"><a href=\"#Your\" class=\"elementor-item elementor-item-anchor\" tabindex=\"-1\">Your Rights<\/a><\/li>\n<li class=\"menu-item menu-item-type-custom menu-item-object-custom menu-item-7941\"><a href=\"#Updates\" class=\"elementor-item elementor-item-anchor\" tabindex=\"-1\">Updates to This Policy<\/a><\/li>\n<\/ul>\t\t\t<\/nav>\n\t\t\t\t\t\t<\/div>\n\t\t\t\t<\/div>\n\t\t\t\t<\/div>\n\t\t\t\t<\/div>\n\t\t<div class=\"elementor-element elementor-element-73cd82e e-con-full e-flex e-con e-child\" data-id=\"73cd82e\" data-element_type=\"container\" data-e-type=\"container\">\n\t\t<div class=\"elementor-element elementor-element-67a6c48 e-con-full e-flex e-con e-child\" data-id=\"67a6c48\" data-element_type=\"container\" data-e-type=\"container\">\n\t\t\t\t<div class=\"elementor-element elementor-element-5123ed5 elementor-widget elementor-widget-heading\" data-id=\"5123ed5\" data-element_type=\"widget\" data-e-type=\"widget\" id=\"Information\" data-widget_type=\"heading.default\">\n\t\t\t\t<div class=\"elementor-widget-container\">\n\t\t\t\t\t<h2 class=\"elementor-heading-title elementor-size-default\">Informations que nous collectons<\/h2>\t\t\t\t<\/div>\n\t\t\t\t<\/div>\n\t\t\t\t<div class=\"elementor-element elementor-element-b5e6923 elementor-widget elementor-widget-text-editor\" data-id=\"b5e6923\" data-element_type=\"widget\" data-e-type=\"widget\" data-widget_type=\"text-editor.default\">\n\t\t\t\t<div class=\"elementor-widget-container\">\n\t\t\t\t\t\t\t\t\t<p>Lorsque vous interagissez avec notre site web, nous pouvons collecter les types d\u2019informations suivants\u202f:<\/p>\t\t\t\t\t\t\t\t<\/div>\n\t\t\t\t<\/div>\n\t\t\t\t<div class=\"elementor-element elementor-element-106ffe5 elementor-widget elementor-widget-text-editor\" data-id=\"106ffe5\" data-element_type=\"widget\" data-e-type=\"widget\" data-widget_type=\"text-editor.default\">\n\t\t\t\t<div class=\"elementor-widget-container\">\n\t\t\t\t\t\t\t\t\t<ul><li data-start=\"4513\" data-end=\"4660\"><p data-start=\"4515\" data-end=\"4660\">D\u00e9tails personnels tels que le nom, l\u2019adresse e-mail, le num\u00e9ro de t\u00e9l\u00e9phone et les informations de l\u2019entreprise lorsque vous soumettez des demandes ou sollicitez des informations commerciales.<\/p><\/li><li data-start=\"4661\" data-end=\"4804\"><p data-start=\"4663\" data-end=\"4804\">Informations techniques telles que l\u2019adresse IP, le type de navigateur et les donn\u00e9es de l\u2019appareil, collect\u00e9es automatiquement pour l\u2019analyse et l\u2019am\u00e9lioration du site web.<\/p><\/li><li data-start=\"4805\" data-end=\"4910\"><p data-start=\"4807\" data-end=\"4910\">Cookies et donn\u00e9es d\u2019utilisation nous aidant \u00e0 offrir une exp\u00e9rience de navigation plus fluide et personnalis\u00e9e.<\/p><\/li><\/ul>\t\t\t\t\t\t\t\t<\/div>\n\t\t\t\t<\/div>\n\t\t\t\t<\/div>\n\t\t<div class=\"elementor-element elementor-element-baf635c e-con-full e-flex e-con e-child\" data-id=\"baf635c\" data-element_type=\"container\" data-e-type=\"container\">\n\t\t\t\t<div class=\"elementor-element elementor-element-8743a67 elementor-widget elementor-widget-heading\" data-id=\"8743a67\" data-element_type=\"widget\" data-e-type=\"widget\" id=\"How\" data-widget_type=\"heading.default\">\n\t\t\t\t<div class=\"elementor-widget-container\">\n\t\t\t\t\t<h2 class=\"elementor-heading-title elementor-size-default\">Comment nous utilisons vos informations<\/h2>\t\t\t\t<\/div>\n\t\t\t\t<\/div>\n\t\t\t\t<div class=\"elementor-element elementor-element-df076bc elementor-widget elementor-widget-text-editor\" data-id=\"df076bc\" data-element_type=\"widget\" data-e-type=\"widget\" data-widget_type=\"text-editor.default\">\n\t\t\t\t<div class=\"elementor-widget-container\">\n\t\t\t\t\t\t\t\t\t<p>Les informations collect\u00e9es sont utilis\u00e9es pour\u202f:<\/p>\t\t\t\t\t\t\t\t<\/div>\n\t\t\t\t<\/div>\n\t\t\t\t<div class=\"elementor-element elementor-element-ba867bc elementor-widget elementor-widget-text-editor\" data-id=\"ba867bc\" data-element_type=\"widget\" data-e-type=\"widget\" data-widget_type=\"text-editor.default\">\n\t\t\t\t<div class=\"elementor-widget-container\">\n\t\t\t\t\t\t\t\t\t<ul><li data-start=\"4993\" data-end=\"5083\">R\u00e9pondre aux demandes et fournir les informations demand\u00e9es sur nos produits et services.<\/li><li data-start=\"4993\" data-end=\"5083\">Traiter les demandes commerciales, les devis et la communication avec les clients.<\/li><li data-start=\"4993\" data-end=\"5083\">Am\u00e9liorer les performances du site web et personnaliser l\u2019exp\u00e9rience de navigation.<\/li><li data-start=\"4993\" data-end=\"5083\">Maintenir des dossiers s\u00e9curis\u00e9s pour la conformit\u00e9 et la transparence commerciale.<\/li><\/ul>\t\t\t\t\t\t\t\t<\/div>\n\t\t\t\t<\/div>\n\t\t\t\t<\/div>\n\t\t<div class=\"elementor-element elementor-element-812b167 e-con-full e-flex e-con e-child\" data-id=\"812b167\" data-element_type=\"container\" data-e-type=\"container\">\n\t\t\t\t<div class=\"elementor-element elementor-element-fc9518f elementor-widget elementor-widget-heading\" data-id=\"fc9518f\" data-element_type=\"widget\" data-e-type=\"widget\" id=\"Data\" data-widget_type=\"heading.default\">\n\t\t\t\t<div class=\"elementor-widget-container\">\n\t\t\t\t\t<h2 class=\"elementor-heading-title elementor-size-default\">Protection et s\u00e9curit\u00e9 des donn\u00e9es<\/h2>\t\t\t\t<\/div>\n\t\t\t\t<\/div>\n\t\t\t\t<div class=\"elementor-element elementor-element-23c276b elementor-widget elementor-widget-text-editor\" data-id=\"23c276b\" data-element_type=\"widget\" data-e-type=\"widget\" data-widget_type=\"text-editor.default\">\n\t\t\t\t<div class=\"elementor-widget-container\">\n\t\t\t\t\t\t\t\t\t<p data-start=\"5433\" data-end=\"5651\">Nous utilisons des mesures de s\u00e9curit\u00e9 conformes aux normes du secteur pour prot\u00e9ger vos donn\u00e9es contre tout acc\u00e8s, usage ou divulgation non autoris\u00e9s. Toutefois, malgr\u00e9 toutes les pr\u00e9cautions, aucune transmission en ligne ne peut \u00eatre garantie comme \u00e9tant totalement s\u00e9curis\u00e9e. <\/p>\t\t\t\t\t\t\t\t<\/div>\n\t\t\t\t<\/div>\n\t\t\t\t<\/div>\n\t\t<div class=\"elementor-element elementor-element-8b242cc e-con-full e-flex e-con e-child\" data-id=\"8b242cc\" data-element_type=\"container\" data-e-type=\"container\">\n\t\t\t\t<div class=\"elementor-element elementor-element-6a92883 elementor-widget elementor-widget-heading\" data-id=\"6a92883\" data-element_type=\"widget\" data-e-type=\"widget\" id=\"Cookies\" data-widget_type=\"heading.default\">\n\t\t\t\t<div class=\"elementor-widget-container\">\n\t\t\t\t\t<h2 class=\"elementor-heading-title elementor-size-default\">Cookies<\/h2>\t\t\t\t<\/div>\n\t\t\t\t<\/div>\n\t\t\t\t<div class=\"elementor-element elementor-element-2a9b8d9 elementor-widget elementor-widget-text-editor\" data-id=\"2a9b8d9\" data-element_type=\"widget\" data-e-type=\"widget\" data-widget_type=\"text-editor.default\">\n\t\t\t\t<div class=\"elementor-widget-container\">\n\t\t\t\t\t\t\t\t\t<p data-start=\"5671\" data-end=\"5837\">Notre site web peut utiliser des cookies pour am\u00e9liorer les fonctionnalit\u00e9s et mesurer l\u2019activit\u00e9 des visiteurs. Les utilisateurs ont le droit de g\u00e9rer ou de d\u00e9sactiver les cookies via les param\u00e8tres de leur navigateur. <\/p>\t\t\t\t\t\t\t\t<\/div>\n\t\t\t\t<\/div>\n\t\t\t\t<\/div>\n\t\t<div class=\"elementor-element elementor-element-2c4cbad e-con-full e-flex e-con e-child\" data-id=\"2c4cbad\" data-element_type=\"container\" data-e-type=\"container\">\n\t\t\t\t<div class=\"elementor-element elementor-element-4a9afb7 elementor-widget elementor-widget-heading\" data-id=\"4a9afb7\" data-element_type=\"widget\" data-e-type=\"widget\" id=\"Your\" data-widget_type=\"heading.default\">\n\t\t\t\t<div class=\"elementor-widget-container\">\n\t\t\t\t\t<h2 class=\"elementor-heading-title elementor-size-default\">Vos droits<\/h2>\t\t\t\t<\/div>\n\t\t\t\t<\/div>\n\t\t\t\t<div class=\"elementor-element elementor-element-cf1f315 elementor-widget elementor-widget-text-editor\" data-id=\"cf1f315\" data-element_type=\"widget\" data-e-type=\"widget\" data-widget_type=\"text-editor.default\">\n\t\t\t\t<div class=\"elementor-widget-container\">\n\t\t\t\t\t\t\t\t\t<p data-start=\"5861\" data-end=\"5885\">Vous avez le droit de\u202f:<\/p><ul data-start=\"5886\" data-end=\"6081\"><li data-start=\"5886\" data-end=\"5931\"><p data-start=\"5888\" data-end=\"5931\">Acc\u00e9der aux informations que nous d\u00e9tenons \u00e0 votre sujet.<\/p><\/li><li data-start=\"5932\" data-end=\"5989\"><p data-start=\"5934\" data-end=\"5989\">Demander des corrections ou des mises \u00e0 jour de vos donn\u00e9es personnelles.<\/p><\/li><li data-start=\"5990\" data-end=\"6081\"><p data-start=\"5992\" data-end=\"6081\">Demander la suppression de vos informations, sous r\u00e9serve des obligations l\u00e9gales et contractuelles.<\/p><\/li><\/ul><p data-start=\"6083\" data-end=\"6159\">Pour toute demande li\u00e9e \u00e0 la confidentialit\u00e9, veuillez nous contacter \u00e0 l\u2019adresse\u202f: <span class=\"elementor-icon-list-text\"><a style=\"color: #003300;\" href=\"mailto:Info@thecottonfarms.com\">privacy@cotton.farms<\/a><\/span><\/p>\t\t\t\t\t\t\t\t<\/div>\n\t\t\t\t<\/div>\n\t\t\t\t<\/div>\n\t\t<div class=\"elementor-element elementor-element-9b0af6b e-con-full e-flex e-con e-child\" data-id=\"9b0af6b\" data-element_type=\"container\" data-e-type=\"container\">\n\t\t\t\t<div class=\"elementor-element elementor-element-366bcff elementor-widget elementor-widget-heading\" data-id=\"366bcff\" data-element_type=\"widget\" data-e-type=\"widget\" id=\"Updates\" data-widget_type=\"heading.default\">\n\t\t\t\t<div class=\"elementor-widget-container\">\n\t\t\t\t\t<h2 class=\"elementor-heading-title elementor-size-default\">Mises \u00e0 jour de cette politique<\/h2>\t\t\t\t<\/div>\n\t\t\t\t<\/div>\n\t\t\t\t<div class=\"elementor-element elementor-element-aa65de0 elementor-widget elementor-widget-text-editor\" data-id=\"aa65de0\" data-element_type=\"widget\" data-e-type=\"widget\" data-widget_type=\"text-editor.default\">\n\t\t\t\t<div class=\"elementor-widget-container\">\n\t\t\t\t\t\t\t\t\t<p data-start=\"6194\" data-end=\"6378\">Nous pouvons mettre \u00e0 jour cette politique de confidentialit\u00e9 de temps \u00e0 autre afin de refl\u00e9ter les \u00e9volutions technologiques, r\u00e9glementaires ou des pratiques commerciales. Les mises \u00e0 jour seront toujours publi\u00e9es sur cette page pour garantir la transparence. <\/p>\t\t\t\t\t\t\t\t<\/div>\n\t\t\t\t<\/div>\n\t\t\t\t<\/div>\n\t\t\t\t<\/div>\n\t\t\t\t\t<\/div>\n\t\t\t\t<\/div>\n\t\t\t\t<\/div>\n\t\t","protected":false},"excerpt":{"rendered":"<p>Politique de confidentialit\u00e9 Chez The Cotton Farms, prot\u00e9ger votre vie priv\u00e9e va au-del\u00e0 d\u2019une simple politique\u202f: c\u2019est un principe fondamental de confiance par la transparence. Nous valorisons votre droit \u00e0 la confidentialit\u00e9 et assumons la responsabilit\u00e9 de traiter vos donn\u00e9es avec le plus grand soin et int\u00e9grit\u00e9. Informations que nous collectons Lorsque vous interagissez avec [&hellip;]<\/p>\n","protected":false},"author":1,"featured_media":0,"parent":0,"menu_order":0,"comment_status":"closed","ping_status":"closed","template":"elementor_header_footer","meta":{"footnotes":""},"class_list":["post-9728","page","type-page","status-publish","hentry"],"_links":{"self":[{"href":"https:\/\/thecottonfarms.com\/fr\/wp-json\/wp\/v2\/pages\/9728","targetHints":{"allow":["GET"]}}],"collection":[{"href":"https:\/\/thecottonfarms.com\/fr\/wp-json\/wp\/v2\/pages"}],"about":[{"href":"https:\/\/thecottonfarms.com\/fr\/wp-json\/wp\/v2\/types\/page"}],"author":[{"embeddable":true,"href":"https:\/\/thecottonfarms.com\/fr\/wp-json\/wp\/v2\/users\/1"}],"replies":[{"embeddable":true,"href":"https:\/\/thecottonfarms.com\/fr\/wp-json\/wp\/v2\/comments?post=9728"}],"version-history":[{"count":1,"href":"https:\/\/thecottonfarms.com\/fr\/wp-json\/wp\/v2\/pages\/9728\/revisions"}],"predecessor-version":[{"id":9729,"href":"https:\/\/thecottonfarms.com\/fr\/wp-json\/wp\/v2\/pages\/9728\/revisions\/9729"}],"wp:attachment":[{"href":"https:\/\/thecottonfarms.com\/fr\/wp-json\/wp\/v2\/media?parent=9728"}],"curies":[{"name":"wp","href":"https:\/\/api.w.org\/{rel}","templated":true}]}}